{"id":132,"date":"2026-02-25T17:44:53","date_gmt":"2026-02-25T17:44:53","guid":{"rendered":"https:\/\/dorado2035.com\/?page_id=132"},"modified":"2026-04-17T18:54:47","modified_gmt":"2026-04-17T18:54:47","slug":"gran-parque-agroturistico-ecologico-y-recreativo-el-dorado","status":"publish","type":"page","link":"https:\/\/dorado2035.com\/en\/gran-parque-agroturistico-ecologico-y-recreativo-el-dorado\/","title":{"rendered":"Gran Parque Agrotur\u00edstico, Ecol\u00f3gico y Recreativo El Dorado\u00a0"},"content":{"rendered":"\n<p><\/p>\n\n\n\n<div id=\"wp-block-themeisle-blocks-advanced-columns-35825447\" class=\"wp-block-themeisle-blocks-advanced-columns alignfull has-2-columns has-desktop-equal-layout has-tablet-equal-layout has-mobile-collapsedRows-layout has-vertical-top ticss-c00aadba\"><div class=\"wp-block-themeisle-blocks-advanced-columns-overlay\"><\/div><div class=\"innerblocks-wrap\">\n<div id=\"wp-block-themeisle-blocks-advanced-column-fedc9d47\" class=\"wp-block-themeisle-blocks-advanced-column\">\n<figure class=\"wp-block-gallery has-nested-images columns-default is-cropped wp-block-gallery-1 is-layout-flex wp-block-gallery-is-layout-flex\">\n<figure class=\"wp-block-image size-large\"><img loading=\"lazy\" decoding=\"async\" width=\"559\" height=\"1024\" data-id=\"499\" src=\"https:\/\/dorado2035.com\/wp-content\/uploads\/2026\/04\/guardian4-559x1024.jpg\" alt=\"\" class=\"wp-image-499\" srcset=\"https:\/\/dorado2035.com\/wp-content\/uploads\/2026\/04\/guardian4-559x1024.jpg 559w, https:\/\/dorado2035.com\/wp-content\/uploads\/2026\/04\/guardian4-164x300.jpg 164w, https:\/\/dorado2035.com\/wp-content\/uploads\/2026\/04\/guardian4-768x1408.jpg 768w, https:\/\/dorado2035.com\/wp-content\/uploads\/2026\/04\/guardian4-838x1536.jpg 838w, https:\/\/dorado2035.com\/wp-content\/uploads\/2026\/04\/guardian4-7x12.jpg 7w, https:\/\/dorado2035.com\/wp-content\/uploads\/2026\/04\/guardian4.jpg 900w\" sizes=\"auto, (max-width: 559px) 100vw, 559px\" \/><\/figure>\n<\/figure>\n<\/div>\n\n\n\n<div id=\"wp-block-themeisle-blocks-advanced-column-ed1b12ac\" class=\"wp-block-themeisle-blocks-advanced-column\">\n<h2 id=\"wp-block-themeisle-blocks-advanced-heading-8f3ca166\" class=\"wp-block-themeisle-blocks-advanced-heading wp-block-themeisle-blocks-advanced-heading-8f3ca166\">No es solo un parque: es un territorio vivo que refleja la identidad dorade\u00f1a, un refugio natural que protege, inspira y une.<\/h2>\n\n\n\n<p><strong>Un territorio vivo de 340,000 metros cuadrados (86.5 cuerdas)<\/strong><\/p>\n\n\n\n<p>El Gran Parque Agrotur\u00edstico y Ecol\u00f3gico El Dorado se extiende sobre <strong>aproximadamente 340,000 metros cuadrados<\/strong>, un territorio amplio y diverso que respira como un solo organismo. Son <strong>86.5 cuerdas<\/strong> donde la naturaleza, la cultura y la comunidad se entrelazan para formar uno de los pulmones ecol\u00f3gicos m\u00e1s importantes de Dorado.<\/p>\n\n\n\n<p>Custodiado por el imponente <strong>Guardi\u00e1n Dorade\u00f1o<\/strong>, el parque recibe a cada visitante como si cruzara un umbral simb\u00f3lico: del ritmo urbano al ritmo de la tierra.<\/p>\n\n\n\n<p>En sus cuerdas viven <strong>ecosistemas completos<\/strong>:<\/p>\n\n\n\n<ul class=\"wp-block-list\">\n<li>Estanques que sostienen peces, tortugas y aves acu\u00e1ticas.<\/li>\n\n\n\n<li>Bosques j\u00f3venes y maduros donde anidan reinita, zorzales, ruise\u00f1ores y garzas.<\/li>\n\n\n\n<li>\u00c1reas agr\u00edcolas demostrativas que conectan con la tradici\u00f3n campesina.<\/li>\n\n\n\n<li>Zonas de sombra, pastos y \u00e1rboles nativos que dan refugio a coqu\u00edes, lagartijos y polinizadores.<\/li>\n<\/ul>\n\n\n\n<p>Cada cuerda aporta algo distinto: unas protegen, otras ense\u00f1an, otras recrean. Juntas forman un tejido ecol\u00f3gico que sostiene vida y ofrece bienestar a la comunidad.<\/p>\n\n\n\n<p>En este espacio ecoamigable, amplio y seguro, las familias encuentran un lugar para caminar, celebrar, aprender y reconectar. Los gazebos, senderos, \u00e1reas de picnic, la granja educativa y los espacios recreativos convierten al parque en un punto de encuentro donde la naturaleza se vuelve experiencia.\u00a0<\/p>\n\n\n\n<p><\/p>\n\n\n\n<div style=\"height:10px\" aria-hidden=\"true\" class=\"wp-block-spacer\"><\/div>\n<\/div>\n<\/div><\/div>\n\n\n\n<div id=\"wp-block-themeisle-blocks-advanced-columns-5cb9874c\" class=\"wp-block-themeisle-blocks-advanced-columns has-3-columns has-desktop-equal-layout has-tablet-equal-layout has-mobile-collapsedRows-layout has-vertical-unset\"><div class=\"wp-block-themeisle-blocks-advanced-columns-overlay\"><\/div><div class=\"innerblocks-wrap\">\n<div id=\"wp-block-themeisle-blocks-advanced-column-e334f7a3\" class=\"wp-block-themeisle-blocks-advanced-column\"><\/div>\n\n\n\n<div id=\"wp-block-themeisle-blocks-advanced-column-1635a464\" class=\"wp-block-themeisle-blocks-advanced-column\"><\/div>\n\n\n\n<div id=\"wp-block-themeisle-blocks-advanced-column-bbe19a66\" class=\"wp-block-themeisle-blocks-advanced-column\"><\/div>\n<\/div><\/div>\n\n\n\n<section id=\"wp-block-themeisle-blocks-advanced-columns-546fa8db\" class=\"wp-block-themeisle-blocks-advanced-columns alignfull has-2-columns has-desktop-equal-layout has-tablet-equal-layout has-mobile-collapsedRows-layout has-vertical-flex-start has-light-bg\"><div class=\"wp-block-themeisle-blocks-advanced-columns-overlay\"><\/div><div class=\"innerblocks-wrap\">\n<div id=\"wp-block-themeisle-blocks-advanced-column-a03592cc\" class=\"wp-block-themeisle-blocks-advanced-column\">\n<div id=\"wp-block-themeisle-blocks-advanced-heading-db071afb\" class=\"wp-block-themeisle-blocks-advanced-heading wp-block-themeisle-blocks-advanced-heading-db071afb\"><\/div>\n\n\n\n<h2 class=\"wp-block-heading has-text-align-left has-text-color has-link-color wp-elements-c5adeacf672fc390403e06bbbbc2fb06\" style=\"color:#2e3433\">Cuenta con<\/h2>\n\n\n\n<p class=\"has-text-align-left has-text-color has-link-color wp-elements-33cc2c1e5a53f4f5fc47fbd06a4576f8\" style=\"color:#2e3433\">Espacios para la pr\u00e1ctica de baloncesto, soccer, b\u00e9isbol, softball, voleibol y mas . \u00c1rea reservada para el deporte ecuestre con \u00e9nfasis en el paso fino.&nbsp;<\/p>\n\n\n\n<p>Artefactos para la diversi\u00f3n y el ejercicio f\u00edsico en un gimnasio al aire libre para ni\u00f1os y adultos. \u00c1reas destinadas para el uso de bicicletas, patines, patinetas carritos de bater\u00edas, chiringas, zona de pesca, una vereda para caminar y un parque para perros.&nbsp;<\/p>\n\n\n\n<p>Granja agr\u00edcola \u201cGranja del Mayordomo Don Eloy y el Mercado Agr\u00edcola La Zafra. El Monte de los Reyes, un anfiteatro al aire libre.&nbsp;600 cuerdas de terreno de uso agr\u00edcola.<\/p>\n<\/div>\n\n\n\n<div id=\"wp-block-themeisle-blocks-advanced-column-5b750788\" class=\"wp-block-themeisle-blocks-advanced-column\">\n<h3 class=\"wp-block-heading has-text-align-left has-text-color has-link-color wp-elements-020fe62ecfaf0b68d8ef124107518e23\" style=\"color:#2e3433\">Alquileres<\/h3>\n\n\n\n<ul class=\"wp-block-list\">\n<li>Las Casetas para perros con un costo de $75.00<\/li>\n\n\n\n<li>El Pabell\u00f3n con un costo de $300.00<\/li>\n\n\n\n<li>Los Gazebos con un costo de $200.00<\/li>\n<\/ul>\n\n\n\n<h3 class=\"wp-block-heading has-text-color has-link-color wp-elements-632d44a87567b9dfabd386e933ba32ce\" style=\"color:#2e3433\">Estacionamiento<\/h3>\n\n\n\n<ul class=\"wp-block-list\">\n<li>Lunes a Viernes $1.00<\/li>\n\n\n\n<li>S\u00e1bados y Domingos $2.00<\/li>\n\n\n\n<li>Eventos especiales $3.00<\/li>\n\n\n\n<li>Guaguas $5.00<\/li>\n<\/ul>\n<\/div>\n<\/div><\/section>\n\n\n\n<div id=\"wp-block-themeisle-blocks-advanced-columns-784450ff\" class=\"wp-block-themeisle-blocks-advanced-columns alignfull has-1-columns has-desktop-equal-layout has-tablet-equal-layout has-mobile-collapsedRows-layout has-vertical-center ticss-c00aadba\"><div class=\"wp-block-themeisle-blocks-advanced-columns-overlay\"><\/div><div class=\"innerblocks-wrap\">\n<div id=\"wp-block-themeisle-blocks-advanced-column-d0fbfc0a\" class=\"wp-block-themeisle-blocks-advanced-column\">\n<div id=\"wp-block-themeisle-blocks-advanced-columns-f32a2609\" class=\"wp-block-themeisle-blocks-advanced-columns has-1-columns has-desktop-equal-layout has-tablet-equal-layout has-mobile-equal-layout has-vertical-center\"><div class=\"wp-block-themeisle-blocks-advanced-columns-overlay\"><\/div><div class=\"innerblocks-wrap\">\n<div id=\"wp-block-themeisle-blocks-advanced-column-3567d86b\" class=\"wp-block-themeisle-blocks-advanced-column\">\n<h2 id=\"wp-block-themeisle-blocks-advanced-heading-d5f71f32\" class=\"wp-block-themeisle-blocks-advanced-heading wp-block-themeisle-blocks-advanced-heading-d5f71f32\"><\/h2>\n\n\n\n<p class=\"has-text-align-center\"><\/p>\n<\/div>\n<\/div><\/div>\n\n\n\n<div id=\"wp-block-themeisle-blocks-advanced-columns-8085ff1f\" class=\"wp-block-themeisle-blocks-advanced-columns has-3-columns has-desktop-equal-layout has-tablet-equal-layout has-mobile-collapsedRows-layout has-vertical-top\"><div class=\"wp-block-themeisle-blocks-advanced-columns-overlay\"><\/div><div class=\"innerblocks-wrap\">\n<div id=\"wp-block-themeisle-blocks-advanced-column-dfb15c39\" class=\"wp-block-themeisle-blocks-advanced-column\">\n<h3 id=\"wp-block-themeisle-blocks-advanced-heading-3147d135\" class=\"wp-block-themeisle-blocks-advanced-heading wp-block-themeisle-blocks-advanced-heading-3147d135\">Horarios<\/h3>\n\n\n\n<p class=\"has-text-align-center\">Lunes a Viernes \/ 9:00 A.M. a 5:00 P.M.<br>S\u00e1bados y Domingo<br>8:00 A.M. a 5:00 P.M<\/p>\n<\/div>\n\n\n\n<div id=\"wp-block-themeisle-blocks-advanced-column-ec09b220\" class=\"wp-block-themeisle-blocks-advanced-column ticss-ec09b220\">\n<h3 id=\"wp-block-themeisle-blocks-advanced-heading-869a9c1f\" class=\"wp-block-themeisle-blocks-advanced-heading wp-block-themeisle-blocks-advanced-heading-869a9c1f\">Tel\u00e9fono<\/h3>\n\n\n\n<p class=\"has-text-align-center\">Favor llamar al:<br>787-796-1230 \/ Ext. 2350<\/p>\n<\/div>\n\n\n\n<div id=\"wp-block-themeisle-blocks-advanced-column-adbc5601\" class=\"wp-block-themeisle-blocks-advanced-column\">\n<h3 id=\"wp-block-themeisle-blocks-advanced-heading-bacc3ab4\" class=\"wp-block-themeisle-blocks-advanced-heading wp-block-themeisle-blocks-advanced-heading-bacc3ab4\">Direcci\u00f3n<\/h3>\n\n\n\n<p class=\"has-text-align-center\">Carretera PR-165 a la entrada del pueblo.<\/p>\n\n\n\n<div class=\"wp-block-buttons is-vertical is-content-justification-center is-layout-flex wp-container-core-buttons-is-layout-9f5e29b6 wp-block-buttons-is-layout-flex\">\n<div class=\"wp-block-button is-style-primary\"><a class=\"wp-block-button__link wp-element-button\" href=\"https:\/\/maps.app.goo.gl\/dDAZTRRbm5G7K9ks6\" target=\"_blank\" rel=\"noreferrer noopener\">Oprima Aqu<strong>\u00ed<\/strong><\/a><\/div>\n<\/div>\n<\/div>\n<\/div><\/div>\n<\/div>\n<\/div><\/div>\n\n\n\n<hr class=\"wp-block-separator has-alpha-channel-opacity\"\/>\n\n\n\n<h2 id=\"wp-block-themeisle-blocks-advanced-heading-b5f3b8ec\" class=\"wp-block-themeisle-blocks-advanced-heading wp-block-themeisle-blocks-advanced-heading-b5f3b8ec\"><\/h2>\n\n\n\n<h2 class=\"wp-block-heading has-text-align-center\">Galer\u00eda<\/h2>\n\n\n\n<div id=\"wp-block-themeisle-blocks-slider-dd422972\" class=\"wp-block-themeisle-blocks-slider glide\" data-per-view=\"1\" data-gap=\"0\" data-peek=\"0\" data-autoplay=\"true\" data-height=\"400px\" data-hide-arrows=\"false\"><div class=\"glide__track\" data-glide-el=\"track\"><div class=\"glide__slides\"><div class=\"wp-block-themeisle-blocks-slider-item-wrapper glide__slide\" tabindex=\"0\"><figure><img decoding=\"async\" class=\"wp-block-themeisle-blocks-slider-item\" src=\"https:\/\/dorado2035.com\/wp-content\/uploads\/2026\/04\/gal1.png\" alt=\"\" title=\"\" data-id=\"485\"\/><\/figure><\/div><div class=\"wp-block-themeisle-blocks-slider-item-wrapper glide__slide\" tabindex=\"0\"><figure><img decoding=\"async\" class=\"wp-block-themeisle-blocks-slider-item\" src=\"https:\/\/dorado2035.com\/wp-content\/uploads\/2026\/04\/gal2.png\" alt=\"\" title=\"\" data-id=\"484\"\/><\/figure><\/div><div class=\"wp-block-themeisle-blocks-slider-item-wrapper glide__slide\" tabindex=\"0\"><figure><img decoding=\"async\" class=\"wp-block-themeisle-blocks-slider-item\" src=\"https:\/\/dorado2035.com\/wp-content\/uploads\/2026\/04\/gal3.png\" alt=\"\" title=\"\" data-id=\"483\"\/><\/figure><\/div><div class=\"wp-block-themeisle-blocks-slider-item-wrapper glide__slide\" tabindex=\"0\"><figure><img decoding=\"async\" class=\"wp-block-themeisle-blocks-slider-item\" src=\"https:\/\/dorado2035.com\/wp-content\/uploads\/2026\/04\/gal4.png\" alt=\"\" title=\"\" data-id=\"482\"\/><\/figure><\/div><div class=\"wp-block-themeisle-blocks-slider-item-wrapper glide__slide\" tabindex=\"0\"><figure><img decoding=\"async\" class=\"wp-block-themeisle-blocks-slider-item\" src=\"https:\/\/dorado2035.com\/wp-content\/uploads\/2026\/04\/gal5.png\" alt=\"\" title=\"\" data-id=\"481\"\/><\/figure><\/div><div class=\"wp-block-themeisle-blocks-slider-item-wrapper glide__slide\" tabindex=\"0\"><figure><img decoding=\"async\" class=\"wp-block-themeisle-blocks-slider-item\" src=\"https:\/\/dorado2035.com\/wp-content\/uploads\/2026\/04\/gal6.png\" alt=\"\" title=\"\" data-id=\"486\"\/><\/figure><\/div><\/div><div class=\"glide__bullets\" data-glide-el=\"controls[nav]\"><button class=\"glide__bullet\" data-glide-dir=\"=0\"><\/button><button class=\"glide__bullet\" data-glide-dir=\"=1\"><\/button><button class=\"glide__bullet\" data-glide-dir=\"=2\"><\/button><button class=\"glide__bullet\" data-glide-dir=\"=3\"><\/button><button class=\"glide__bullet\" data-glide-dir=\"=4\"><\/button><button class=\"glide__bullet\" data-glide-dir=\"=5\"><\/button><\/div><\/div><\/div>\n\n\n\n<div style=\"height:100px\" aria-hidden=\"true\" class=\"wp-block-spacer\"><\/div>\n","protected":false},"excerpt":{"rendered":"<p>Galer\u00eda<\/p>","protected":false},"author":1,"featured_media":474,"parent":0,"menu_order":0,"comment_status":"closed","ping_status":"closed","template":"","meta":{"_themeisle_gutenberg_block_has_review":false,"footnotes":""},"class_list":["post-132","page","type-page","status-publish","has-post-thumbnail","hentry"],"_links":{"self":[{"href":"https:\/\/dorado2035.com\/en\/wp-json\/wp\/v2\/pages\/132","targetHints":{"allow":["GET"]}}],"collection":[{"href":"https:\/\/dorado2035.com\/en\/wp-json\/wp\/v2\/pages"}],"about":[{"href":"https:\/\/dorado2035.com\/en\/wp-json\/wp\/v2\/types\/page"}],"author":[{"embeddable":true,"href":"https:\/\/dorado2035.com\/en\/wp-json\/wp\/v2\/users\/1"}],"replies":[{"embeddable":true,"href":"https:\/\/dorado2035.com\/en\/wp-json\/wp\/v2\/comments?post=132"}],"version-history":[{"count":12,"href":"https:\/\/dorado2035.com\/en\/wp-json\/wp\/v2\/pages\/132\/revisions"}],"predecessor-version":[{"id":500,"href":"https:\/\/dorado2035.com\/en\/wp-json\/wp\/v2\/pages\/132\/revisions\/500"}],"wp:featuredmedia":[{"embeddable":true,"href":"https:\/\/dorado2035.com\/en\/wp-json\/wp\/v2\/media\/474"}],"wp:attachment":[{"href":"https:\/\/dorado2035.com\/en\/wp-json\/wp\/v2\/media?parent=132"}],"curies":[{"name":"wp","href":"https:\/\/api.w.org\/{rel}","templated":true}]}}