{"id":203,"date":"2026-03-03T18:00:18","date_gmt":"2026-03-03T18:00:18","guid":{"rendered":"https:\/\/dorado2035.com\/?page_id=203"},"modified":"2026-03-05T20:05:09","modified_gmt":"2026-03-05T20:05:09","slug":"mi-escuela-amiga","status":"publish","type":"page","link":"https:\/\/dorado2035.com\/en\/mi-escuela-amiga\/","title":{"rendered":"Mi Escuela Amiga"},"content":{"rendered":"\n<p><\/p>\n\n\n\n<div id=\"wp-block-themeisle-blocks-advanced-columns-1e24864b\" class=\"wp-block-themeisle-blocks-advanced-columns alignfull has-2-columns has-desktop-equal-layout has-tablet-equal-layout has-mobile-collapsedRows-layout has-vertical-center ticss-c00aadba\"><div class=\"wp-block-themeisle-blocks-advanced-columns-overlay\"><\/div><div class=\"innerblocks-wrap\">\n<div id=\"wp-block-themeisle-blocks-advanced-column-051b15dc\" class=\"wp-block-themeisle-blocks-advanced-column\">\n<figure class=\"wp-block-gallery has-nested-images columns-default is-cropped wp-block-gallery-1 is-layout-flex wp-block-gallery-is-layout-flex\">\n<figure class=\"wp-block-image size-full\"><img loading=\"lazy\" decoding=\"async\" width=\"600\" height=\"600\" data-id=\"289\" src=\"https:\/\/dorado2035.com\/wp-content\/uploads\/2026\/03\/escuela-amiga-image.png\" alt=\"\" class=\"wp-image-289\" srcset=\"https:\/\/dorado2035.com\/wp-content\/uploads\/2026\/03\/escuela-amiga-image.png 600w, https:\/\/dorado2035.com\/wp-content\/uploads\/2026\/03\/escuela-amiga-image-300x300.png 300w, https:\/\/dorado2035.com\/wp-content\/uploads\/2026\/03\/escuela-amiga-image-150x150.png 150w, https:\/\/dorado2035.com\/wp-content\/uploads\/2026\/03\/escuela-amiga-image-12x12.png 12w\" sizes=\"auto, (max-width: 600px) 100vw, 600px\" \/><\/figure>\n<\/figure>\n<\/div>\n\n\n\n<div id=\"wp-block-themeisle-blocks-advanced-column-ed1b12ac\" class=\"wp-block-themeisle-blocks-advanced-column\">\n<h2 id=\"wp-block-themeisle-blocks-advanced-heading-8f3ca166\" class=\"wp-block-themeisle-blocks-advanced-heading wp-block-themeisle-blocks-advanced-heading-8f3ca166\">Informaci\u00f3n General<\/h2>\n\n\n\n<p>Mi escuela Amiga es un novedoso programa educativo municipal que propone fortalecer la calidad del servicio educativo de las escuelas dorade\u00f1as garantizando un ambiente seguro, motivador, rico en experiencias que estimule a los estudiantes a permanecer dentro de los planteles escolares.&nbsp;<\/p>\n\n\n\n<p><\/p>\n<\/div>\n<\/div><\/div>\n\n\n\n<div id=\"wp-block-themeisle-blocks-advanced-columns-676d3873\" class=\"wp-block-themeisle-blocks-advanced-columns has-3-columns has-desktop-equal-layout has-tablet-equal-layout has-mobile-collapsedRows-layout has-vertical-unset\"><div class=\"wp-block-themeisle-blocks-advanced-columns-overlay\"><\/div><div class=\"innerblocks-wrap\">\n<div id=\"wp-block-themeisle-blocks-advanced-column-525276ff\" class=\"wp-block-themeisle-blocks-advanced-column\"><\/div>\n\n\n\n<div id=\"wp-block-themeisle-blocks-advanced-column-38f417f3\" class=\"wp-block-themeisle-blocks-advanced-column\"><\/div>\n\n\n\n<div id=\"wp-block-themeisle-blocks-advanced-column-48ad96c3\" class=\"wp-block-themeisle-blocks-advanced-column\"><\/div>\n<\/div><\/div>\n\n\n\n<p><\/p>\n\n\n\n<div id=\"wp-block-themeisle-blocks-advanced-columns-784450ff\" class=\"wp-block-themeisle-blocks-advanced-columns alignfull has-1-columns has-desktop-equal-layout has-tablet-equal-layout has-mobile-collapsedRows-layout has-vertical-center ticss-c00aadba\"><div class=\"wp-block-themeisle-blocks-advanced-columns-overlay\"><\/div><div class=\"innerblocks-wrap\">\n<div id=\"wp-block-themeisle-blocks-advanced-column-d0fbfc0a\" class=\"wp-block-themeisle-blocks-advanced-column\">\n<div id=\"wp-block-themeisle-blocks-advanced-columns-8085ff1f\" class=\"wp-block-themeisle-blocks-advanced-columns has-3-columns has-desktop-equal-layout has-tablet-equal-layout has-mobile-collapsedRows-layout has-vertical-top\"><div class=\"wp-block-themeisle-blocks-advanced-columns-overlay\"><\/div><div class=\"innerblocks-wrap\">\n<div id=\"wp-block-themeisle-blocks-advanced-column-dfb15c39\" class=\"wp-block-themeisle-blocks-advanced-column\">\n<h3 id=\"wp-block-themeisle-blocks-advanced-heading-3147d135\" class=\"wp-block-themeisle-blocks-advanced-heading wp-block-themeisle-blocks-advanced-heading-3147d135\">Horario de Oficina<\/h3>\n\n\n\n<p class=\"has-text-align-center\">Lunes a Viernes<br>8:00 A.M. a 4:00 P.M.<\/p>\n<\/div>\n\n\n\n<div id=\"wp-block-themeisle-blocks-advanced-column-ec09b220\" class=\"wp-block-themeisle-blocks-advanced-column ticss-ec09b220\">\n<h3 id=\"wp-block-themeisle-blocks-advanced-heading-869a9c1f\" class=\"wp-block-themeisle-blocks-advanced-heading wp-block-themeisle-blocks-advanced-heading-869a9c1f\">Tel\u00e9fono<\/h3>\n\n\n\n<p class=\"has-text-align-center\">Favor llamar al:<br><a href=\"tel:7877961230\">787-796-1230<\/a> \/ Ext. 2500<\/p>\n<\/div>\n\n\n\n<div id=\"wp-block-themeisle-blocks-advanced-column-adbc5601\" class=\"wp-block-themeisle-blocks-advanced-column\">\n<h3 id=\"wp-block-themeisle-blocks-advanced-heading-bacc3ab4\" class=\"wp-block-themeisle-blocks-advanced-heading wp-block-themeisle-blocks-advanced-heading-bacc3ab4\">Direcci\u00f3n<\/h3>\n\n\n\n<p class=\"has-text-align-center\">Calle M\u00e9ndez Vigo #349, Dorado, 00646<br>Pabell\u00f3n Comercial<br>Rafael Hern\u00e1ndez Col\u00f3n<\/p>\n\n\n\n<div class=\"wp-block-buttons is-vertical is-content-justification-center is-layout-flex wp-container-core-buttons-is-layout-9f5e29b6 wp-block-buttons-is-layout-flex\">\n<div class=\"wp-block-button is-style-primary\"><a class=\"wp-block-button__link wp-element-button\" href=\"https:\/\/maps.app.goo.gl\/SV9kXUaQeoUhZM4T7\" target=\"_blank\" rel=\"noreferrer noopener\">Oprima Aqu<strong>\u00ed<\/strong><\/a><\/div>\n<\/div>\n<\/div>\n<\/div><\/div>\n\n\n\n<hr class=\"wp-block-separator has-alpha-channel-opacity is-style-wide\"\/>\n\n\n\n<div class=\"wp-block-group alignwide\"><div class=\"wp-block-group__inner-container is-layout-constrained wp-block-group-is-layout-constrained\">\n<h2 class=\"wp-block-heading has-text-align-left\">Servicios<\/h2>\n\n\n\n<div class=\"wp-block-columns is-layout-flex wp-container-core-columns-is-layout-47c06fe3 wp-block-columns-is-layout-flex\">\n<div class=\"wp-block-column is-layout-flow wp-block-column-is-layout-flow\">\n<div class=\"wp-block-group has-background\" style=\"border-radius:8px;background-color:#f9f8f7;padding-top:32px;padding-right:32px;padding-bottom:32px;padding-left:32px\"><div class=\"wp-block-group__inner-container is-layout-constrained wp-container-core-group-is-layout-3432adc9 wp-block-group-is-layout-constrained\">\n<h3 class=\"wp-block-heading\"><\/h3>\n\n\n\n<p class=\"has-text-align-center\">Referido a organizaciones, agencias o entidades para canalizar servicios.<br><br><\/p>\n<\/div><\/div>\n<\/div>\n\n\n\n<div class=\"wp-block-column is-layout-flow wp-block-column-is-layout-flow\">\n<div class=\"wp-block-group has-white-color has-accent-background-color has-text-color has-background has-link-color wp-elements-96a620ebef62c43265b0979be120bfc2\" style=\"border-radius:8px;padding-top:32px;padding-right:32px;padding-bottom:32px;padding-left:32px\"><div class=\"wp-block-group__inner-container is-layout-constrained wp-container-core-group-is-layout-3432adc9 wp-block-group-is-layout-constrained\">\n<h3 class=\"wp-block-heading\"><\/h3>\n\n\n\n<p class=\"has-text-align-center\">Tutor\u00edas en escuela superior e intermedia.<br><br><br><\/p>\n<\/div><\/div>\n<\/div>\n\n\n\n<div class=\"wp-block-column is-layout-flow wp-block-column-is-layout-flow\">\n<div class=\"wp-block-group has-background\" style=\"border-radius:8px;background-color:#f9f8f7;padding-top:32px;padding-right:32px;padding-bottom:32px;padding-left:32px\"><div class=\"wp-block-group__inner-container is-layout-constrained wp-container-core-group-is-layout-3432adc9 wp-block-group-is-layout-constrained\">\n<h3 class=\"wp-block-heading\"><\/h3>\n\n\n\n<p class=\"has-text-align-center\">Actividades para certificaci\u00f3n de las horas de servicio comunitario.<br><br><br><\/p>\n<\/div><\/div>\n<\/div>\n<\/div>\n\n\n\n<div class=\"wp-block-columns is-layout-flex wp-container-core-columns-is-layout-47c06fe3 wp-block-columns-is-layout-flex\">\n<div class=\"wp-block-column is-layout-flow wp-block-column-is-layout-flow\">\n<div class=\"wp-block-group has-white-color has-accent-background-color has-text-color has-background has-link-color wp-elements-c264aa51173048c76bf1c4c6c2eec0d1\" style=\"border-radius:8px;padding-top:32px;padding-right:32px;padding-bottom:32px;padding-left:32px\"><div class=\"wp-block-group__inner-container is-layout-constrained wp-container-core-group-is-layout-3432adc9 wp-block-group-is-layout-constrained\">\n<h3 class=\"wp-block-heading\"><\/h3>\n\n\n\n<p class=\"has-text-align-center\">Seguimiento a estudiantes con patrones de ausentismo, problemas acad\u00e9micos o familiares.<br><br><br><\/p>\n<\/div><\/div>\n<\/div>\n\n\n\n<div class=\"wp-block-column is-layout-flow wp-block-column-is-layout-flow\">\n<div class=\"wp-block-group has-background\" style=\"border-radius:8px;background-color:#f9f8f7;padding-top:32px;padding-right:32px;padding-bottom:32px;padding-left:32px\"><div class=\"wp-block-group__inner-container is-layout-constrained wp-container-core-group-is-layout-3432adc9 wp-block-group-is-layout-constrained\">\n<h3 class=\"wp-block-heading\"><\/h3>\n\n\n\n<p class=\"has-text-align-center\">Competencias recreativas y educativas.<br><br><br><br><\/p>\n<\/div><\/div>\n<\/div>\n\n\n\n<div class=\"wp-block-column is-layout-flow wp-block-column-is-layout-flow\">\n<div class=\"wp-block-group has-white-color has-accent-background-color has-text-color has-background has-link-color wp-elements-069fbb4fccce686808c241c7812cfdd6\" style=\"border-radius:8px;padding-top:32px;padding-right:32px;padding-bottom:32px;padding-left:32px\"><div class=\"wp-block-group__inner-container is-layout-constrained wp-container-core-group-is-layout-3432adc9 wp-block-group-is-layout-constrained\">\n<h3 class=\"wp-block-heading\"><\/h3>\n\n\n\n<p class=\"has-text-align-center\">Talleres en temas de prevenci\u00f3n, desarrollo personal, educaci\u00f3n, entre otros.<br><br><br><\/p>\n<\/div><\/div>\n<\/div>\n<\/div>\n<\/div><\/div>\n<\/div>\n<\/div><\/div>\n\n\n\n<hr class=\"wp-block-separator has-alpha-channel-opacity is-style-wide\"\/>\n\n\n\n<div id=\"wp-block-themeisle-blocks-advanced-columns-5cb9874c\" class=\"wp-block-themeisle-blocks-advanced-columns has-3-columns has-desktop-equal-layout has-tablet-equal-layout has-mobile-collapsedRows-layout has-vertical-unset\"><div class=\"wp-block-themeisle-blocks-advanced-columns-overlay\"><\/div><div class=\"innerblocks-wrap\">\n<div id=\"wp-block-themeisle-blocks-advanced-column-e334f7a3\" class=\"wp-block-themeisle-blocks-advanced-column\"><\/div>\n\n\n\n<div id=\"wp-block-themeisle-blocks-advanced-column-1635a464\" class=\"wp-block-themeisle-blocks-advanced-column\"><\/div>\n\n\n\n<div id=\"wp-block-themeisle-blocks-advanced-column-bbe19a66\" class=\"wp-block-themeisle-blocks-advanced-column\"><\/div>\n<\/div><\/div>\n\n\n\n<div class=\"wp-block-group alignfull\"><div class=\"wp-block-group__inner-container is-layout-constrained wp-block-group-is-layout-constrained\">\n<div class=\"wp-block-cover alignfull is-repeated wp-duotone-unset-3\" style=\"padding-top:80px;padding-right:32px;padding-bottom:80px;padding-left:32px;min-height:430px;aspect-ratio:unset;\"><div class=\"wp-block-cover__image-background wp-image-234 size-large is-repeated\" style=\"background-position:58% 53%;background-image:url(https:\/\/dorado2035.com\/wp-content\/uploads\/2026\/03\/busqueda-background.png)\"><\/div><span aria-hidden=\"true\" class=\"wp-block-cover__background has-background-dim-90 has-background-dim wp-block-cover__gradient-background has-background-gradient\" style=\"background:linear-gradient(135deg,rgb(0,0,46) 0%,rgb(0,204,255) 100%)\"><\/span><div class=\"wp-block-cover__inner-container is-layout-constrained wp-container-core-cover-is-layout-bc1e8b36 wp-block-cover-is-layout-constrained\">\n<div class=\"wp-block-group\"><div class=\"wp-block-group__inner-container is-layout-constrained wp-block-group-is-layout-constrained\">\n<p class=\"has-text-align-center has-white-color has-text-color has-link-color has-small-font-size wp-elements-166173b8c237c8d7ec91dfa796421f08\" style=\"font-style:normal;font-weight:600;text-transform:uppercase\">Simplificamos tus tr\u00e1mites localizando la documentaci\u00f3n que necesitas.<\/p>\n\n\n\n<h1 class=\"wp-block-heading has-text-align-center\">Asistencia especializada en la obtenci\u00f3n de documentaci\u00f3n<\/h1>\n\n\n\n<p class=\"has-text-align-center\">Documentos de gobierno como: PAN, Asume, Certificados Antecedentes Penales, entre otros. <br>B\u00fasqueda de informaci\u00f3n para asignaciones o trabajos especiales.<\/p>\n\n\n\n<div class=\"wp-block-buttons is-content-justification-center is-layout-flex wp-container-core-buttons-is-layout-a89b3969 wp-block-buttons-is-layout-flex\">\n<div class=\"wp-block-button is-style-outline is-style-outline--2\"><a class=\"wp-block-button__link wp-element-button\" href=\"tel:(787)796-0650\" target=\"_blank\" rel=\"noreferrer noopener\">LLAMA AHORA<\/a><\/div>\n<\/div>\n<\/div><\/div>\n<\/div><\/div>\n<\/div><\/div>\n\n\n\n<hr class=\"wp-block-separator has-alpha-channel-opacity is-style-wide\"\/>\n\n\n\n<h2 class=\"wp-block-heading\"><strong>Bibliotecas participantes en la comunidad:<\/strong><\/h2>\n\n\n<ul class=\"ul1\">\n<li class=\"li1\"><span style=\"color: #ff6600;\"><strong><i>Biblioteca Eladio \u201cLalo\u201d Rodr\u00edguez <\/i><\/strong><\/span><\/li>\n<\/ul>\n<p class=\"p1\">Ubicaci\u00f3n: Sector Kulian, Espinosa &#8211; <a href=\"https:\/\/maps.app.goo.gl\/K1KRCnKvr5NADjEWA\" target=\"_blank\" rel=\"noopener\">COMO LLEGAR<\/a><\/p>\n<p class=\"p1\">Tel\u00e9fono: <a href=\"tel:939-204-9690\">939-204-9690<\/a><\/p>\n<ul class=\"ul1\">\n<li class=\"li1\"><span style=\"color: #ff6600;\"><strong><i>Biblioteca Bel\u00e9n Rivera<\/i><\/strong><\/span><\/li>\n<\/ul>\n<p class=\"p1\">Ubicaci\u00f3n: Barrio Rio Lajas &#8211; <a href=\"https:\/\/maps.app.goo.gl\/8Gugi8wvYfvTjNrw7\" target=\"_blank\" rel=\"noopener\">COMO LLEGAR<\/a><\/p>\n<p class=\"p1\">Tel\u00e9fono: <a href=\"tel:939-204-9570\">939-204-9570<\/a><\/p>\n<ul class=\"ul1\">\n<li class=\"li1\"><span style=\"color: #ff6600;\"><strong><i>Biblioteca Octavio Nieves Concepci\u00f3n<\/i><\/strong><\/span><\/li>\n<\/ul>\n<p class=\"p1\">Ubicaci\u00f3n: Sector Mavito, Espinosa &#8211; <a href=\"https:\/\/maps.app.goo.gl\/bFuq2ovi4oFcYSmY8\" target=\"_blank\" rel=\"noopener\">COMO LLEGAR<\/a><\/p>\n<p class=\"p1\">Tel\u00e9fono: <a href=\"tel:939-336-9316\">939-336-9316<\/a><\/p>\n\n\n<hr class=\"wp-block-separator has-alpha-channel-opacity is-style-wide\"\/>\n\n\n\n<h2 class=\"wp-block-heading\"><strong>Escuelas participantes:<\/strong><\/h2>\n\n\n<ul class=\"ul1\">\n<li class=\"li1\"><em><strong><span style=\"color: #ff6600;\">Escuela Superior Jos\u00e9 Santos Alegr\u00eda<\/span><\/strong>\u00a0<br \/>Tel\u00e9fono: <span aria-label=\"Llamar al n\u00famero de tel\u00e9fono (787) 796-1520\"><a href=\"tel:(787) 796-1520\" target=\"_blank\" rel=\"noopener\">(787) 796-1520<\/a> &#8211; <a href=\"https:\/\/maps.app.goo.gl\/dSjNAPBRX3cPpu1M9\" target=\"_blank\" rel=\"noopener\">Como Llegar<\/a><\/span><br \/><\/em><\/li>\n<li class=\"li1\"><em><span style=\"color: #ff6600;\"><strong>Escuela Intermedia Ricardo Arroyo Laracuente<\/strong><\/span>\u00a0<br \/>Tel\u00e9fono: <a data-dtype=\"d3ph\" data-local-attribute=\"d3ph\" jscontroller=\"LWZElb\" href=\"tel:(787) 796-1222\" jsdata=\"QKGTRc;_;Bn-pacP2H8mh5NoPkZrKkQE21\" jsaction=\"rcuQ6b:npT2md;F75qrd\" data-ved=\"2ahUKEwjDkYX06IiTAxXJEFkFHRGNMhIQkAgoAHoECAwQAw\" target=\"_blank\" rel=\"noopener\"><span aria-label=\"Llamar al n\u00famero de tel\u00e9fono (787) 796-1222\">(787) 796-1222 <\/span><\/a><span aria-label=\"Llamar al n\u00famero de tel\u00e9fono (787) 796-1222\">&#8211; <\/span><a data-dtype=\"d3ph\" data-local-attribute=\"d3ph\" jscontroller=\"LWZElb\" href=\"tel:(787) 796-1222\" jsdata=\"QKGTRc;_;Bn-pacP2H8mh5NoPkZrKkQE21\" jsaction=\"rcuQ6b:npT2md;F75qrd\" data-ved=\"2ahUKEwjDkYX06IiTAxXJEFkFHRGNMhIQkAgoAHoECAwQAw\" target=\"_blank\" rel=\"noopener\"><span aria-label=\"Llamar al n\u00famero de tel\u00e9fono (787) 796-1222\"><\/span><\/a><a href=\"https:\/\/maps.app.goo.gl\/puyQLQ4LCzVGEa2p9\" target=\"_blank\" rel=\"noopener\">Como Llegar<\/a><br \/><\/em><\/li>\n<li class=\"li1\"><em><strong><span style=\"color: #ff6600;\">Elemental e Intermedia Crist\u00f3bal Santana Melecio<\/span><\/strong><br \/>Tel\u00e9fono: <a href=\"tel:(787) 870-3416\" target=\"_blank\" rel=\"noopener\">(787) 870-3416 <\/a>&#8211; <a href=\"https:\/\/maps.app.goo.gl\/6v2iFuHUg7gvRE568\" target=\"_blank\" rel=\"noopener\">Como Llegar<\/a><br \/><\/em><\/li>\n<li><em><strong><span style=\"color: #ff6600;\">Elemental e Intermedia Ecol\u00f3gica Jos\u00e9 de Diego<\/span><\/strong><br \/>Tel\u00e9fono: <a data-dtype=\"d3ph\" data-local-attribute=\"d3ph\" jscontroller=\"LWZElb\" href=\"http:\/\/(787) 278-0321\" jsdata=\"QKGTRc;_;5ICpaeCAOZWg5NoPv6yJQQ10\" jsaction=\"rcuQ6b:npT2md;F75qrd\" data-ved=\"2ahUKEwjggpXY6oiTAxUVEFkFHT9WIggQkAgoAHoECAoQAw\" data-wplink-url-error=\"true\" target=\"_blank\" rel=\"noopener\"><span aria-label=\"Llamar al n\u00famero de tel\u00e9fono (787) 278-0321\">(787) 278-0321 <\/span><\/a><span aria-label=\"Llamar al n\u00famero de tel\u00e9fono (787) 278-0321\">&#8211;<\/span> <a href=\"https:\/\/maps.app.goo.gl\/RcZfvxBx6ayVSh9GA\" target=\"_blank\" rel=\"noopener\">Como Llegar<\/a><br \/><\/em><\/li>\n<li><em><strong><span style=\"color: #ff6600;\">Escuela Elemental Jacinto L\u00f3pez Mart\u00ednez<\/span><\/strong> <br \/><\/em><em>Tel\u00e9fono: <a data-dtype=\"d3ph\" data-local-attribute=\"d3ph\" jscontroller=\"LWZElb\" href=\"tel:(787) 796-1255\" jsdata=\"QKGTRc;_;2Xqpae7HMPuz5NoPwtzFsAQ25\" jsaction=\"rcuQ6b:npT2md;F75qrd\" data-ved=\"2ahUKEwiumLf25IiTAxX7GVkFHUJuEUYQkAgoAHoECA4QAw\" target=\"_blank\" rel=\"noopener\"><span aria-label=\"Llamar al n\u00famero de tel\u00e9fono (787) 796-1255\">(787) 796-1255<\/span><\/a>\u00a0&#8211; <a href=\"https:\/\/maps.app.goo.gl\/P7vkQi9T2eTCKYHF9\" target=\"_blank\" rel=\"noopener\">Como Llegar<\/a><\/em><\/li>\n<li><em><em><span style=\"color: #ff6600;\"><strong>Escuela Elemental Luisa Valderrama<\/strong><\/span> <br \/><\/em><\/em><em><em>Tel\u00e9fono:<a href=\"tel:(787) 796-4410\" target=\"_blank\" rel=\"noopener\">(787) 796-4410<\/a> &#8211; <a href=\"https:\/\/maps.app.goo.gl\/8Q6FWPGs665FvT7f9\" target=\"_blank\" rel=\"noopener\">Como Llegar<\/a><\/em><\/em>\n<p><\/p>\n<\/li>\n<\/ul>\n\n\n<hr class=\"wp-block-separator has-alpha-channel-opacity is-style-wide\"\/>\n\n\n<h2 class=\"has-text-align-center wp-block-post-title\">Mi Escuela Amiga<\/h2>\n\n\n<h2 id=\"wp-block-themeisle-blocks-advanced-heading-0a971e48\" class=\"wp-block-themeisle-blocks-advanced-heading wp-block-themeisle-blocks-advanced-heading-0a971e48\">Actividades<\/h2>\n\n\n\n<div id=\"wp-block-themeisle-blocks-slider-042fa0d1\" class=\"wp-block-themeisle-blocks-slider alignwide glide\" data-per-view=\"3\" data-gap=\"0\" data-peek=\"0\" data-autoplay=\"6000\" data-height=\"400px\" data-hide-arrows=\"false\"><div class=\"glide__track\" data-glide-el=\"track\"><div class=\"glide__slides\"><div class=\"wp-block-themeisle-blocks-slider-item-wrapper glide__slide\" tabindex=\"0\"><figure><img decoding=\"async\" class=\"wp-block-themeisle-blocks-slider-item\" src=\"https:\/\/dorado2035.com\/wp-content\/uploads\/2026\/03\/aptitud-fisica.png\" alt=\"\" title=\"\" data-id=\"304\"\/><\/figure><\/div><div class=\"wp-block-themeisle-blocks-slider-item-wrapper glide__slide\" tabindex=\"0\"><figure><img decoding=\"async\" class=\"wp-block-themeisle-blocks-slider-item\" src=\"https:\/\/dorado2035.com\/wp-content\/uploads\/2026\/03\/BACK-TO-SCHOOL.png\" alt=\"\" title=\"\" data-id=\"303\"\/><\/figure><\/div><div class=\"wp-block-themeisle-blocks-slider-item-wrapper glide__slide\" tabindex=\"0\"><figure><img decoding=\"async\" class=\"wp-block-themeisle-blocks-slider-item\" src=\"https:\/\/dorado2035.com\/wp-content\/uploads\/2026\/03\/dia-del-maestro.png\" alt=\"\" title=\"\" data-id=\"302\"\/><\/figure><\/div><div class=\"wp-block-themeisle-blocks-slider-item-wrapper glide__slide\" tabindex=\"0\"><figure><img decoding=\"async\" class=\"wp-block-themeisle-blocks-slider-item\" src=\"https:\/\/dorado2035.com\/wp-content\/uploads\/2026\/03\/dia-planeta-tierra.png\" alt=\"\" title=\"\" data-id=\"306\"\/><\/figure><\/div><div class=\"wp-block-themeisle-blocks-slider-item-wrapper glide__slide\" tabindex=\"0\"><figure><img decoding=\"async\" class=\"wp-block-themeisle-blocks-slider-item\" src=\"https:\/\/dorado2035.com\/wp-content\/uploads\/2026\/03\/maltrato-infantil.png\" alt=\"\" title=\"\" data-id=\"305\"\/><\/figure><\/div><\/div><div class=\"glide__bullets\" data-glide-el=\"controls[nav]\"><button class=\"glide__bullet\" data-glide-dir=\"=0\"><\/button><button class=\"glide__bullet\" data-glide-dir=\"=1\"><\/button><button class=\"glide__bullet\" data-glide-dir=\"=2\"><\/button><button class=\"glide__bullet\" data-glide-dir=\"=3\"><\/button><button class=\"glide__bullet\" data-glide-dir=\"=4\"><\/button><\/div><\/div><\/div>\n\n\n\n<hr class=\"wp-block-separator has-alpha-channel-opacity is-style-wide\"\/>\n\n\n\n<h2 id=\"wp-block-themeisle-blocks-advanced-heading-7d5777d4\" class=\"wp-block-themeisle-blocks-advanced-heading wp-block-themeisle-blocks-advanced-heading-7d5777d4\">Actividades Especiales<\/h2>\n\n\n\n<div id=\"wp-block-themeisle-blocks-advanced-columns-0082e7f2\" class=\"wp-block-themeisle-blocks-advanced-columns alignfull has-2-columns has-desktop-equal-layout has-tablet-equal-layout has-mobile-collapsedRows-layout has-vertical-unset\"><div class=\"wp-block-themeisle-blocks-advanced-columns-overlay\"><\/div><div class=\"innerblocks-wrap\">\n<div id=\"wp-block-themeisle-blocks-advanced-column-d3d8f5b4\" class=\"wp-block-themeisle-blocks-advanced-column has-light-bg\">\n<ul class=\"wp-block-list\">\n<li>Repaso y ex\u00e1men para la licencia de aprendizaje de conducir<\/li>\n\n\n\n<li>Orientaci\u00f3n para examen de 4to A\u00f1o<\/li>\n<\/ul>\n<\/div>\n\n\n\n<div id=\"wp-block-themeisle-blocks-advanced-column-ebaf5fd9\" class=\"wp-block-themeisle-blocks-advanced-column has-dark-bg\">\n<div class=\"wp-block-buttons is-horizontal is-content-justification-center is-layout-flex wp-container-core-buttons-is-layout-03627597 wp-block-buttons-is-layout-flex\">\n<div class=\"wp-block-button is-style-primary\"><a class=\"wp-block-button__link has-text-color has-background has-link-color has-custom-font-size wp-element-button\" href=\"tel:(787)796-0650\" style=\"border-radius:0px;color:#ffffff;background-color:#d7393e;padding-top:20px;padding-right:40px;padding-bottom:20px;padding-left:40px;font-size:15px\"><strong>PARA MAS INFORMACI\u00d3N OPRIMA AQU\u00cd<\/strong><\/a><\/div>\n<\/div>\n<\/div>\n<\/div><\/div>\n","protected":false},"excerpt":{"rendered":"<p>Bibliotecas participantes en la comunidad: Biblioteca Eladio \u201cLalo\u201d Rodr\u00edguez Ubicaci\u00f3n: Sector Kulian, Espinosa &#8211; COMO LLEGAR Tel\u00e9fono: 939-204-9690 Biblioteca Bel\u00e9n Rivera Ubicaci\u00f3n: Barrio Rio Lajas &#8211; COMO LLEGAR Tel\u00e9fono: 939-204-9570 Biblioteca Octavio Nieves Concepci\u00f3n Ubicaci\u00f3n: Sector Mavito, Espinosa &#8211; COMO LLEGAR Tel\u00e9fono: 939-336-9316 Escuelas participantes: Escuela Superior Jos\u00e9 Santos Alegr\u00eda\u00a0Tel\u00e9fono: [&hellip;]<\/p>\n","protected":false},"author":1,"featured_media":281,"parent":0,"menu_order":0,"comment_status":"closed","ping_status":"closed","template":"","meta":{"_themeisle_gutenberg_block_has_review":false,"footnotes":""},"class_list":["post-203","page","type-page","status-publish","has-post-thumbnail","hentry"],"_links":{"self":[{"href":"https:\/\/dorado2035.com\/en\/wp-json\/wp\/v2\/pages\/203","targetHints":{"allow":["GET"]}}],"collection":[{"href":"https:\/\/dorado2035.com\/en\/wp-json\/wp\/v2\/pages"}],"about":[{"href":"https:\/\/dorado2035.com\/en\/wp-json\/wp\/v2\/types\/page"}],"author":[{"embeddable":true,"href":"https:\/\/dorado2035.com\/en\/wp-json\/wp\/v2\/users\/1"}],"replies":[{"embeddable":true,"href":"https:\/\/dorado2035.com\/en\/wp-json\/wp\/v2\/comments?post=203"}],"version-history":[{"count":50,"href":"https:\/\/dorado2035.com\/en\/wp-json\/wp\/v2\/pages\/203\/revisions"}],"predecessor-version":[{"id":326,"href":"https:\/\/dorado2035.com\/en\/wp-json\/wp\/v2\/pages\/203\/revisions\/326"}],"wp:featuredmedia":[{"embeddable":true,"href":"https:\/\/dorado2035.com\/en\/wp-json\/wp\/v2\/media\/281"}],"wp:attachment":[{"href":"https:\/\/dorado2035.com\/en\/wp-json\/wp\/v2\/media?parent=203"}],"curies":[{"name":"wp","href":"https:\/\/api.w.org\/{rel}","templated":true}]}}