{"id":259,"date":"2026-03-04T15:42:05","date_gmt":"2026-03-04T15:42:05","guid":{"rendered":"https:\/\/dorado2035.com\/?page_id=259"},"modified":"2026-03-04T19:18:10","modified_gmt":"2026-03-04T19:18:10","slug":"centro-de-recaudaciones-de-ingresos-municipales","status":"publish","type":"page","link":"https:\/\/dorado2035.com\/en\/centro-de-recaudaciones-de-ingresos-municipales\/","title":{"rendered":"Centro de Recaudaciones de Ingresos Municipales"},"content":{"rendered":"<div id=\"wp-block-themeisle-blocks-advanced-columns-1e24864b\" class=\"wp-block-themeisle-blocks-advanced-columns alignfull has-2-columns has-desktop-equal-layout has-tablet-equal-layout has-mobile-collapsedRows-layout has-vertical-center ticss-c00aadba\"><div class=\"wp-block-themeisle-blocks-advanced-columns-overlay\"><\/div><div class=\"innerblocks-wrap\">\n<div id=\"wp-block-themeisle-blocks-advanced-column-051b15dc\" class=\"wp-block-themeisle-blocks-advanced-column\">\n<figure class=\"wp-block-gallery has-nested-images columns-default is-cropped wp-block-gallery-1 is-layout-flex wp-block-gallery-is-layout-flex\">\n<figure class=\"wp-block-image size-full\"><img loading=\"lazy\" decoding=\"async\" width=\"600\" height=\"600\" data-id=\"265\" src=\"https:\/\/dorado2035.com\/wp-content\/uploads\/2026\/03\/crim-imagen.png\" alt=\"\" class=\"wp-image-265\" srcset=\"https:\/\/dorado2035.com\/wp-content\/uploads\/2026\/03\/crim-imagen.png 600w, https:\/\/dorado2035.com\/wp-content\/uploads\/2026\/03\/crim-imagen-300x300.png 300w, https:\/\/dorado2035.com\/wp-content\/uploads\/2026\/03\/crim-imagen-150x150.png 150w, https:\/\/dorado2035.com\/wp-content\/uploads\/2026\/03\/crim-imagen-12x12.png 12w\" sizes=\"auto, (max-width: 600px) 100vw, 600px\" \/><\/figure>\n<\/figure>\n<\/div>\n\n\n\n<div id=\"wp-block-themeisle-blocks-advanced-column-ed1b12ac\" class=\"wp-block-themeisle-blocks-advanced-column\">\n<h2 id=\"wp-block-themeisle-blocks-advanced-heading-8f3ca166\" class=\"wp-block-themeisle-blocks-advanced-heading wp-block-themeisle-blocks-advanced-heading-8f3ca166\">Informaci\u00f3n General<\/h2>\n\n\n\n<p>El <strong>Centro de Recaudaciones de Impuestos Municipales<\/strong> es el pilar financiero de nuestra comunidad. Como entidad encargada de recaudar, recibir y distribuir los fondos p\u00fablicos, su misi\u00f3n es transformar cada contribuci\u00f3n en servicios directos, infraestructura y calidad de vida para todos los residentes de Dorado.<\/p>\n\n\n\n<p>Ya no es necesario que te traslades f\u00edsicamente para cumplir con tus responsabilidades; hemos optimizado la experiencia digital para que el <strong>pago en l\u00ednea<\/strong> sea tu primera opci\u00f3n. <\/p>\n\n\n\n<p>Aunque promovemos la eficiencia del <strong>pago en l\u00ednea<\/strong>, seguimos siendo tu punto de apoyo. Si tienes dudas t\u00e9cnicas sobre el portal o necesitas una orientaci\u00f3n personalizada, nuestro personal est\u00e1 listo para asistirte en nuestras oficinas.<\/p>\n<\/div>\n<\/div><\/div>\n\n\n\n<div id=\"wp-block-themeisle-blocks-advanced-columns-784450ff\" class=\"wp-block-themeisle-blocks-advanced-columns alignfull has-1-columns has-desktop-equal-layout has-tablet-equal-layout has-mobile-collapsedRows-layout has-vertical-center ticss-c00aadba\"><div class=\"wp-block-themeisle-blocks-advanced-columns-overlay\"><\/div><div class=\"innerblocks-wrap\">\n<div id=\"wp-block-themeisle-blocks-advanced-column-d0fbfc0a\" class=\"wp-block-themeisle-blocks-advanced-column\">\n<div id=\"wp-block-themeisle-blocks-advanced-columns-8085ff1f\" class=\"wp-block-themeisle-blocks-advanced-columns has-3-columns has-desktop-equal-layout has-tablet-equal-layout has-mobile-collapsedRows-layout has-vertical-top\"><div class=\"wp-block-themeisle-blocks-advanced-columns-overlay\"><\/div><div class=\"innerblocks-wrap\">\n<div id=\"wp-block-themeisle-blocks-advanced-column-dfb15c39\" class=\"wp-block-themeisle-blocks-advanced-column\">\n<h3 id=\"wp-block-themeisle-blocks-advanced-heading-3147d135\" class=\"wp-block-themeisle-blocks-advanced-heading wp-block-themeisle-blocks-advanced-heading-3147d135\">Horario de Oficina<\/h3>\n\n\n\n<p class=\"has-text-align-center\">Lunes a Viernes<br>8:00 A.M a 4:00 P.M.<br><\/p>\n<\/div>\n\n\n\n<div id=\"wp-block-themeisle-blocks-advanced-column-ec09b220\" class=\"wp-block-themeisle-blocks-advanced-column ticss-ec09b220\">\n<h3 id=\"wp-block-themeisle-blocks-advanced-heading-869a9c1f\" class=\"wp-block-themeisle-blocks-advanced-heading wp-block-themeisle-blocks-advanced-heading-869a9c1f\">Tel\u00e9fono<\/h3>\n\n\n\n<p class=\"has-text-align-center\">787-796-1230 \/ Ext. 1400<\/p>\n<\/div>\n\n\n\n<div id=\"wp-block-themeisle-blocks-advanced-column-adbc5601\" class=\"wp-block-themeisle-blocks-advanced-column\">\n<h3 id=\"wp-block-themeisle-blocks-advanced-heading-bacc3ab4\" class=\"wp-block-themeisle-blocks-advanced-heading wp-block-themeisle-blocks-advanced-heading-bacc3ab4\">Direcci\u00f3n<\/h3>\n\n\n\n<p class=\"has-text-align-center\">Pabell\u00f3n Rafael Hern\u00e1ndez Col\u00f3n, M\u00e9ndez Vigo #349, Dorado, 00646<br>&#8211; PRIMER PISO &#8211; <\/p>\n\n\n\n<div class=\"wp-block-buttons is-vertical is-content-justification-center is-layout-flex wp-container-core-buttons-is-layout-9f5e29b6 wp-block-buttons-is-layout-flex\">\n<div class=\"wp-block-button is-style-primary\"><a class=\"wp-block-button__link wp-element-button\" href=\"https:\/\/maps.app.goo.gl\/Zddq3gZxwAjXUpgE8\" target=\"_blank\" rel=\"noreferrer noopener\">Oprima Aqu<strong>\u00ed<\/strong><\/a><\/div>\n<\/div>\n<\/div>\n<\/div><\/div>\n<\/div>\n<\/div><\/div>\n\n\n\n<hr class=\"wp-block-separator has-alpha-channel-opacity is-style-wide\"\/>\n\n\n\n<section id=\"wp-block-themeisle-blocks-advanced-columns-cb87630d\" class=\"wp-block-themeisle-blocks-advanced-columns alignfull has-1-columns has-desktop-equal-layout has-tablet-equal-layout has-mobile-equal-layout has-vertical-center has-dark-bg\"><div class=\"wp-block-themeisle-blocks-advanced-columns-overlay\"><\/div><div class=\"innerblocks-wrap\">\n<div id=\"wp-block-themeisle-blocks-advanced-column-a521c34e\" class=\"wp-block-themeisle-blocks-advanced-column\">\n<h2 class=\"wp-block-heading has-text-align-center has-text-color\" style=\"color:#ffffff\">Realiza tus pagos y consultas del CRIM aqu\u00ed<\/h2>\n\n\n\n<p class=\"has-text-align-center\">Evita filas: Accede a los servicios del CRIM en l\u00ednea<\/p>\n\n\n\n<div class=\"wp-block-buttons is-content-justification-center is-layout-flex wp-container-core-buttons-is-layout-a89b3969 wp-block-buttons-is-layout-flex\">\n<div class=\"wp-block-button is-style-primary\"><a class=\"wp-block-button__link has-text-color has-background has-link-color wp-element-button\" href=\"https:\/\/portal.crim360.com\/crimpr\/index.htm\" style=\"color:#080808;background-color:#f0a733\" target=\"_blank\" rel=\"noreferrer noopener\"><strong>OPRIMA AQU\u00cd<\/strong><\/a><\/div>\n<\/div>\n<\/div>\n<\/div><\/section>","protected":false},"excerpt":{"rendered":"","protected":false},"author":1,"featured_media":262,"parent":0,"menu_order":0,"comment_status":"closed","ping_status":"closed","template":"","meta":{"_themeisle_gutenberg_block_has_review":false,"footnotes":""},"class_list":["post-259","page","type-page","status-publish","has-post-thumbnail","hentry"],"_links":{"self":[{"href":"https:\/\/dorado2035.com\/en\/wp-json\/wp\/v2\/pages\/259","targetHints":{"allow":["GET"]}}],"collection":[{"href":"https:\/\/dorado2035.com\/en\/wp-json\/wp\/v2\/pages"}],"about":[{"href":"https:\/\/dorado2035.com\/en\/wp-json\/wp\/v2\/types\/page"}],"author":[{"embeddable":true,"href":"https:\/\/dorado2035.com\/en\/wp-json\/wp\/v2\/users\/1"}],"replies":[{"embeddable":true,"href":"https:\/\/dorado2035.com\/en\/wp-json\/wp\/v2\/comments?post=259"}],"version-history":[{"count":10,"href":"https:\/\/dorado2035.com\/en\/wp-json\/wp\/v2\/pages\/259\/revisions"}],"predecessor-version":[{"id":276,"href":"https:\/\/dorado2035.com\/en\/wp-json\/wp\/v2\/pages\/259\/revisions\/276"}],"wp:featuredmedia":[{"embeddable":true,"href":"https:\/\/dorado2035.com\/en\/wp-json\/wp\/v2\/media\/262"}],"wp:attachment":[{"href":"https:\/\/dorado2035.com\/en\/wp-json\/wp\/v2\/media?parent=259"}],"curies":[{"name":"wp","href":"https:\/\/api.w.org\/{rel}","templated":true}]}}