{"id":398,"date":"2026-03-24T15:14:18","date_gmt":"2026-03-24T15:14:18","guid":{"rendered":"https:\/\/dorado2035.com\/?page_id=398"},"modified":"2026-03-26T13:30:25","modified_gmt":"2026-03-26T13:30:25","slug":"departamento-de-recreacion-y-deportes","status":"publish","type":"page","link":"https:\/\/dorado2035.com\/en\/departamento-de-recreacion-y-deportes\/","title":{"rendered":"Departamento de Recreaci\u00f3n y Deportes"},"content":{"rendered":"<p><\/p>\n\n\n\n<section id=\"wp-block-themeisle-blocks-advanced-columns-546fa8db\" class=\"wp-block-themeisle-blocks-advanced-columns alignfull has-2-columns has-desktop-equal-layout has-tablet-equal-layout has-mobile-collapsedRows-layout has-vertical-flex-start\"><div class=\"wp-block-themeisle-blocks-advanced-columns-overlay\"><\/div><div class=\"innerblocks-wrap\">\n<div id=\"wp-block-themeisle-blocks-advanced-column-a03592cc\" class=\"wp-block-themeisle-blocks-advanced-column\">\n<h2 class=\"wp-block-heading has-text-align-left has-text-color has-link-color wp-elements-559e66cbab80c3279dc611518193554f\" style=\"color:#2e3433\">Informaci\u00f3n General<\/h2>\n\n\n\n<p class=\"has-text-align-left has-text-color has-link-color wp-elements-2cda04c9a76efed1bfa218b2a5f02754\" style=\"color:#2e3433\">En el Departamento de Recreaci\u00f3n y Deportes de Dorado, nuestra misi\u00f3n es elevar la calidad de vida de cada ciudadano a trav\u00e9s del movimiento y el sano esparcimiento.<\/p>\n\n\n\n<p>Nos dedicamos a transformar nuestras instalaciones en espacios de encuentro familiar, donde ni\u00f1os, j\u00f3venes y adultos mayores encuentren programas deportivos de excelencia y actividades recreativas que fomenten la disciplina, la salud f\u00edsica y el bienestar mental.<\/p>\n<\/div>\n\n\n\n<div id=\"wp-block-themeisle-blocks-advanced-column-5b750788\" class=\"wp-block-themeisle-blocks-advanced-column\">\n<p class=\"has-text-align-left has-text-color has-link-color wp-elements-ee1036eb9e51bf8499a1b48182462b8d\" style=\"color:#2e3433\">Somos el motor que impulsa el talento dorado, cultivando no solo atletas de alto rendimiento, sino ciudadanos comprometidos con los valores de nuestra comunidad.<\/p>\n\n\n\n<p class=\"has-text-color has-link-color wp-elements-123e148b5203df1ddff27e35652577b6\" style=\"color:#2e3433\">Contamos con una infraestructura de primer nivel y un equipo de profesionales listos para guiarte en tu disciplina favorita. Ya sea que busques competencia, recreaci\u00f3n o simplemente mejorar tu estilo de vida, aqu\u00ed tienes un espacio dise\u00f1ado para tu desarrollo integral. <br><br><strong>\u00a1Ven y representa con orgullo los colores de nuestro pueblo!\u00bb<\/strong><\/p>\n<\/div>\n<\/div><\/section>\n\n\n\n<div id=\"wp-block-themeisle-blocks-advanced-columns-676d3873\" class=\"wp-block-themeisle-blocks-advanced-columns has-3-columns has-desktop-equal-layout has-tablet-equal-layout has-mobile-collapsedRows-layout has-vertical-unset\"><div class=\"wp-block-themeisle-blocks-advanced-columns-overlay\"><\/div><div class=\"innerblocks-wrap\">\n<div id=\"wp-block-themeisle-blocks-advanced-column-525276ff\" class=\"wp-block-themeisle-blocks-advanced-column\"><\/div>\n\n\n\n<div id=\"wp-block-themeisle-blocks-advanced-column-38f417f3\" class=\"wp-block-themeisle-blocks-advanced-column\"><\/div>\n\n\n\n<div id=\"wp-block-themeisle-blocks-advanced-column-48ad96c3\" class=\"wp-block-themeisle-blocks-advanced-column\"><\/div>\n<\/div><\/div>\n\n\n\n<p><\/p>\n\n\n\n<div id=\"wp-block-themeisle-blocks-advanced-columns-784450ff\" class=\"wp-block-themeisle-blocks-advanced-columns alignfull has-1-columns has-desktop-equal-layout has-tablet-equal-layout has-mobile-collapsedRows-layout has-vertical-center ticss-c00aadba\"><div class=\"wp-block-themeisle-blocks-advanced-columns-overlay\"><\/div><div class=\"innerblocks-wrap\">\n<div id=\"wp-block-themeisle-blocks-advanced-column-d0fbfc0a\" class=\"wp-block-themeisle-blocks-advanced-column\">\n<div class=\"wp-block-columns is-layout-flex wp-container-core-columns-is-layout-28f84493 wp-block-columns-is-layout-flex\">\n<div class=\"wp-block-column is-layout-flow wp-block-column-is-layout-flow\" style=\"flex-basis:100%\">\n<div id=\"wp-block-themeisle-blocks-advanced-columns-8085ff1f\" class=\"wp-block-themeisle-blocks-advanced-columns has-3-columns has-desktop-equal-layout has-tablet-equal-layout has-mobile-collapsedRows-layout has-vertical-top\"><div class=\"wp-block-themeisle-blocks-advanced-columns-overlay\"><\/div><div class=\"innerblocks-wrap\">\n<div id=\"wp-block-themeisle-blocks-advanced-column-dfb15c39\" class=\"wp-block-themeisle-blocks-advanced-column\">\n<h3 id=\"wp-block-themeisle-blocks-advanced-heading-3147d135\" class=\"wp-block-themeisle-blocks-advanced-heading wp-block-themeisle-blocks-advanced-heading-3147d135\">Horario de Oficina<\/h3>\n\n\n\n<p class=\"has-text-align-center\">Lunes a Viernes<br>8:00 A.M. a 4:00 P.M.<\/p>\n<\/div>\n\n\n\n<div id=\"wp-block-themeisle-blocks-advanced-column-ec09b220\" class=\"wp-block-themeisle-blocks-advanced-column ticss-ec09b220\">\n<h3 id=\"wp-block-themeisle-blocks-advanced-heading-869a9c1f\" class=\"wp-block-themeisle-blocks-advanced-heading wp-block-themeisle-blocks-advanced-heading-869a9c1f\">Tel\u00e9fono<\/h3>\n\n\n\n<p class=\"has-text-align-center\">Favor llamar al:<br><a href=\"tel:7877961230\">787-796-1230<\/a> \/ Ext. <br>2301, 2302<\/p>\n<\/div>\n\n\n\n<div id=\"wp-block-themeisle-blocks-advanced-column-adbc5601\" class=\"wp-block-themeisle-blocks-advanced-column\">\n<h3 id=\"wp-block-themeisle-blocks-advanced-heading-bacc3ab4\" class=\"wp-block-themeisle-blocks-advanced-heading wp-block-themeisle-blocks-advanced-heading-bacc3ab4\">Direcci\u00f3n<\/h3>\n\n\n\n<p class=\"has-text-align-center\">Complejo Deportivo \u00c9dgar Mart\u00ednez Salgado<\/p>\n\n\n\n<div class=\"wp-block-buttons is-vertical is-content-justification-center is-layout-flex wp-container-core-buttons-is-layout-9f5e29b6 wp-block-buttons-is-layout-flex\">\n<div class=\"wp-block-button is-style-primary\"><a class=\"wp-block-button__link wp-element-button\" href=\"https:\/\/maps.app.goo.gl\/p1DyHAwP193Y2Bes9\" target=\"_blank\" rel=\"noreferrer noopener\">Oprima Aqu<strong>\u00ed<\/strong><\/a><\/div>\n<\/div>\n<\/div>\n<\/div><\/div>\n<\/div>\n<\/div>\n\n\n\n<hr class=\"wp-block-separator has-alpha-channel-opacity is-style-wide\"\/>\n\n\n\n<div class=\"wp-block-group alignwide\"><div class=\"wp-block-group__inner-container is-layout-constrained wp-block-group-is-layout-constrained\">\n<h2 class=\"wp-block-heading has-text-align-left\">Actividades y Servicios<\/h2>\n\n\n\n<div class=\"wp-block-columns is-layout-flex wp-container-core-columns-is-layout-47c06fe3 wp-block-columns-is-layout-flex\">\n<div class=\"wp-block-column is-layout-flow wp-block-column-is-layout-flow\">\n<div class=\"wp-block-group has-background\" style=\"border-radius:8px;background-color:#f9f8f7;padding-top:32px;padding-right:32px;padding-bottom:32px;padding-left:32px\"><div class=\"wp-block-group__inner-container is-layout-constrained wp-container-core-group-is-layout-3432adc9 wp-block-group-is-layout-constrained\">\n<h4 class=\"wp-block-heading has-text-align-center\"><strong>Gimnasio de Boxeo Carmelo V\u00e1zquez<\/strong><\/h4>\n\n\n\n<p class=\"has-text-align-center\">Horario: Lunes a Jueves \/ 10:00 A.M. a 6:00 P.M.<\/p>\n\n\n\n<p class=\"has-text-align-center\">Viernes \/ 7:00 A.M. a 3:00 P.M.<\/p>\n\n\n\n<p class=\"has-text-align-center\">Entrenadores: Ra\u00fal \u201cPapo\u201d Torres y Rom\u00e1n \u201cRocky\u201d Mart\u00ednez<\/p>\n\n\n\n<p class=\"has-text-align-center\">Tel\u00e9fono: 787-796-1230 \/ Ext. 2301, 2302<\/p>\n\n\n\n<div class=\"wp-block-buttons alignwide is-content-justification-center is-layout-flex wp-container-core-buttons-is-layout-a89b3969 wp-block-buttons-is-layout-flex\">\n<div class=\"wp-block-button\"><a class=\"wp-block-button__link wp-element-button\" href=\"https:\/\/maps.app.goo.gl\/jnZisbdxBcDAUjFR8\" target=\"_blank\" rel=\"noreferrer noopener\">Como Llegar<\/a><\/div>\n<\/div>\n<\/div><\/div>\n<\/div>\n\n\n\n<div class=\"wp-block-column is-layout-flow wp-block-column-is-layout-flow\">\n<div class=\"wp-block-group has-white-color has-accent-background-color has-text-color has-background has-link-color wp-elements-dff7f783a5692b2f081ecd8221ca9128\" style=\"border-radius:8px;padding-top:32px;padding-right:32px;padding-bottom:32px;padding-left:32px\"><div class=\"wp-block-group__inner-container is-layout-constrained wp-container-core-group-is-layout-3432adc9 wp-block-group-is-layout-constrained\">\n<h4 class=\"wp-block-heading has-text-align-center\"><strong>Clases de karate<\/strong><br><\/h4>\n\n\n\n<p class=\"has-text-align-center\">Horario: 5:00 P.M. a 8:00 P.M.&nbsp;<\/p>\n\n\n\n<p class=\"has-text-align-center\">Edad: 9 a\u00f1os en adelante&nbsp;<\/p>\n\n\n\n<p class=\"has-text-align-center\">Sensei: Heriberto Hern\u00e1ndez<\/p>\n\n\n\n<p class=\"has-text-align-center\">Tel\u00e9fono: 787-796-1230 \/ Ext. 2301, 2302<br><br><\/p>\n\n\n\n<div class=\"wp-block-buttons alignwide is-content-justification-center is-layout-flex wp-container-core-buttons-is-layout-a89b3969 wp-block-buttons-is-layout-flex\">\n<div class=\"wp-block-button\"><a class=\"wp-block-button__link wp-element-button\" href=\"https:\/\/maps.app.goo.gl\/kJXgLH9VmemKwR1v6\" target=\"_blank\" rel=\"noreferrer noopener\">Como Llegar<\/a><\/div>\n<\/div>\n<\/div><\/div>\n<\/div>\n\n\n\n<div class=\"wp-block-column is-layout-flow wp-block-column-is-layout-flow\">\n<div class=\"wp-block-group has-background\" style=\"border-radius:8px;background-color:#f9f8f7;padding-top:32px;padding-right:32px;padding-bottom:32px;padding-left:32px\"><div class=\"wp-block-group__inner-container is-layout-constrained wp-container-core-group-is-layout-3432adc9 wp-block-group-is-layout-constrained\">\n<h4 class=\"wp-block-heading has-text-align-center\"><strong>Campamento de Verano Recreo Deportivo<\/strong><\/h4>\n\n\n\n<p class=\"has-text-align-center\">Fecha: Junio<\/p>\n\n\n\n<p class=\"has-text-align-center\">Edad: 7-12 a\u00f1os<\/p>\n\n\n\n<p class=\"has-text-align-center\">Lugar: Complejo Deportivo <br>Edgar Mart\u00ednez<\/p>\n\n\n\n<p class=\"has-text-align-center\">Tel\u00e9fono: 787-796-1230 \/ Ext. 2301. 2302<br><br><br><\/p>\n<\/div><\/div>\n<\/div>\n<\/div>\n\n\n\n<div class=\"wp-block-columns is-layout-flex wp-container-core-columns-is-layout-47c06fe3 wp-block-columns-is-layout-flex\">\n<div class=\"wp-block-column is-layout-flow wp-block-column-is-layout-flow\">\n<div class=\"wp-block-group has-white-color has-accent-background-color has-text-color has-background has-link-color wp-elements-f4bd9f69446cc7145aa0177edfe270a6\" style=\"border-radius:8px;padding-top:32px;padding-right:32px;padding-bottom:32px;padding-left:32px\"><div class=\"wp-block-group__inner-container is-layout-constrained wp-container-core-group-is-layout-3432adc9 wp-block-group-is-layout-constrained\">\n<h4 class=\"wp-block-heading has-text-align-center\"><strong>Babybasket<\/strong><\/h4>\n\n\n\n<p class=\"has-text-align-center\">Fecha: Julio a Septiembre<\/p>\n\n\n\n<p class=\"has-text-align-center\">Edad: 2-4 a\u00f1os<\/p>\n\n\n\n<p class=\"has-text-align-center\">Tel\u00e9fono: 787-796-1230 \/ Ext. 2301, 2302<br><br><br><\/p>\n<\/div><\/div>\n<\/div>\n\n\n\n<div class=\"wp-block-column is-layout-flow wp-block-column-is-layout-flow\">\n<div class=\"wp-block-group has-background\" style=\"border-radius:8px;background-color:#f9f8f7;padding-top:32px;padding-right:32px;padding-bottom:32px;padding-left:32px\"><div class=\"wp-block-group__inner-container is-layout-constrained wp-container-core-group-is-layout-3432adc9 wp-block-group-is-layout-constrained\">\n<h4 class=\"wp-block-heading has-text-align-center\"><em>Baloncesto<\/em><\/h4>\n\n\n\n<p class=\"has-text-align-center\">Fecha: Agosto a Diciembre<\/p>\n\n\n\n<p class=\"has-text-align-center\">Edad: 7-12 a\u00f1os<\/p>\n\n\n\n<p class=\"has-text-align-center\">Tel\u00e9fono: 787-796-1230 \/ Ext. 2301, 2302<br><br><br><br><\/p>\n<\/div><\/div>\n<\/div>\n\n\n\n<div class=\"wp-block-column is-layout-flow wp-block-column-is-layout-flow\">\n<div class=\"wp-block-group has-white-color has-accent-background-color has-text-color has-background has-link-color wp-elements-215f3f0db8171b1436c5d4fba6f60d0a\" style=\"border-radius:8px;padding-top:32px;padding-right:32px;padding-bottom:32px;padding-left:32px\"><div class=\"wp-block-group__inner-container is-layout-constrained wp-container-core-group-is-layout-3432adc9 wp-block-group-is-layout-constrained\">\n<h4 class=\"wp-block-heading has-text-align-center\"><strong>Voleibol<\/strong><\/h4>\n\n\n\n<p class=\"has-text-align-center\">Fecha: Febrero a Mayo<\/p>\n\n\n\n<p class=\"has-text-align-center\">Edad: 7-16 a\u00f1os<\/p>\n\n\n\n<p class=\"has-text-align-center\">Tel\u00e9fono: 787-796-1230 \/ Ext. 2301, 2302<br><br><br><\/p>\n<\/div><\/div>\n<\/div>\n<\/div>\n<\/div><\/div>\n<\/div>\n<\/div><\/div>\n\n\n\n<hr class=\"wp-block-separator has-alpha-channel-opacity is-style-wide\"\/>\n\n\n\n<div id=\"wp-block-themeisle-blocks-advanced-columns-5cb9874c\" class=\"wp-block-themeisle-blocks-advanced-columns has-3-columns has-desktop-equal-layout has-tablet-equal-layout has-mobile-collapsedRows-layout has-vertical-unset\"><div class=\"wp-block-themeisle-blocks-advanced-columns-overlay\"><\/div><div class=\"innerblocks-wrap\">\n<div id=\"wp-block-themeisle-blocks-advanced-column-e334f7a3\" class=\"wp-block-themeisle-blocks-advanced-column\"><\/div>\n\n\n\n<div id=\"wp-block-themeisle-blocks-advanced-column-1635a464\" class=\"wp-block-themeisle-blocks-advanced-column\"><\/div>\n\n\n\n<div id=\"wp-block-themeisle-blocks-advanced-column-bbe19a66\" class=\"wp-block-themeisle-blocks-advanced-column\"><\/div>\n<\/div><\/div>\n\n\n\n<div class=\"wp-block-group alignfull\"><div class=\"wp-block-group__inner-container is-layout-constrained wp-block-group-is-layout-constrained\">\n<div class=\"wp-block-columns is-layout-flex wp-container-core-columns-is-layout-28f84493 wp-block-columns-is-layout-flex\">\n<div class=\"wp-block-column is-layout-flow wp-block-column-is-layout-flow\"><\/div>\n<\/div>\n<\/div><\/div>\n\n\n\n<hr class=\"wp-block-separator has-alpha-channel-opacity is-style-wide\"\/>\n\n\n<ul class=\"ul1\">\n<li class=\"li1\"><span style=\"color: #ff6600;\"><strong><i>Biblioteca Eladio \u201cLalo\u201d Rodr\u00edguez <\/i><\/strong><\/span><\/li>\n<\/ul>\n<p class=\"p1\">Ubicaci\u00f3n: Sector Kulian, Espinosa &#8211; <a href=\"https:\/\/maps.app.goo.gl\/K1KRCnKvr5NADjEWA\" target=\"_blank\" rel=\"noopener\">COMO LLEGAR<\/a><\/p>\n<p class=\"p1\">Tel\u00e9fono: <a href=\"tel:939-204-9690\">939-204-9690<\/a><\/p>\n<ul class=\"ul1\">\n<li class=\"li1\"><span style=\"color: #ff6600;\"><strong><i>Biblioteca Bel\u00e9n Rivera<\/i><\/strong><\/span><\/li>\n<\/ul>\n<p class=\"p1\">Ubicaci\u00f3n: Barrio Rio Lajas &#8211; <a href=\"https:\/\/maps.app.goo.gl\/8Gugi8wvYfvTjNrw7\" target=\"_blank\" rel=\"noopener\">COMO LLEGAR<\/a><\/p>\n<p class=\"p1\">Tel\u00e9fono: <a href=\"tel:939-204-9570\">939-204-9570<\/a><\/p>\n<ul class=\"ul1\">\n<li class=\"li1\"><span style=\"color: #ff6600;\"><strong><i>Biblioteca Octavio Nieves Concepci\u00f3n<\/i><\/strong><\/span><\/li>\n<\/ul>\n<p class=\"p1\">Ubicaci\u00f3n: Sector Mavito, Espinosa &#8211; <a href=\"https:\/\/maps.app.goo.gl\/bFuq2ovi4oFcYSmY8\" target=\"_blank\" rel=\"noopener\">COMO LLEGAR<\/a><\/p>\n<p class=\"p1\">Tel\u00e9fono: <a href=\"tel:939-336-9316\">939-336-9316<\/a><\/p>\n\n\n<hr class=\"wp-block-separator has-alpha-channel-opacity is-style-wide\"\/>\n\n\n\n<h2 class=\"wp-block-heading\"><strong>Escuelas participantes:<\/strong><\/h2>\n\n\n<ul class=\"ul1\">\n<li class=\"li1\"><em><strong><span style=\"color: #ff6600;\">Escuela Superior Jos\u00e9 Santos Alegr\u00eda<\/span><\/strong>\u00a0<br \/>Tel\u00e9fono: <span aria-label=\"Llamar al n\u00famero de tel\u00e9fono (787) 796-1520\"><a href=\"tel:(787) 796-1520\" target=\"_blank\" rel=\"noopener\">(787) 796-1520<\/a> &#8211; <a href=\"https:\/\/maps.app.goo.gl\/dSjNAPBRX3cPpu1M9\" target=\"_blank\" rel=\"noopener\">Como Llegar<\/a><\/span><br \/><\/em><\/li>\n<li class=\"li1\"><em><span style=\"color: #ff6600;\"><strong>Escuela Intermedia Ricardo Arroyo Laracuente<\/strong><\/span>\u00a0<br \/>Tel\u00e9fono: <a data-dtype=\"d3ph\" data-local-attribute=\"d3ph\" jscontroller=\"LWZElb\" href=\"tel:(787) 796-1222\" jsdata=\"QKGTRc;_;Bn-pacP2H8mh5NoPkZrKkQE21\" jsaction=\"rcuQ6b:npT2md;F75qrd\" data-ved=\"2ahUKEwjDkYX06IiTAxXJEFkFHRGNMhIQkAgoAHoECAwQAw\" target=\"_blank\" rel=\"noopener\"><span aria-label=\"Llamar al n\u00famero de tel\u00e9fono (787) 796-1222\">(787) 796-1222 <\/span><\/a><span aria-label=\"Llamar al n\u00famero de tel\u00e9fono (787) 796-1222\">&#8211; <\/span><a data-dtype=\"d3ph\" data-local-attribute=\"d3ph\" jscontroller=\"LWZElb\" href=\"tel:(787) 796-1222\" jsdata=\"QKGTRc;_;Bn-pacP2H8mh5NoPkZrKkQE21\" jsaction=\"rcuQ6b:npT2md;F75qrd\" data-ved=\"2ahUKEwjDkYX06IiTAxXJEFkFHRGNMhIQkAgoAHoECAwQAw\" target=\"_blank\" rel=\"noopener\"><span aria-label=\"Llamar al n\u00famero de tel\u00e9fono (787) 796-1222\"><\/span><\/a><a href=\"https:\/\/maps.app.goo.gl\/puyQLQ4LCzVGEa2p9\" target=\"_blank\" rel=\"noopener\">Como Llegar<\/a><br \/><\/em><\/li>\n<li class=\"li1\"><em><strong><span style=\"color: #ff6600;\">Elemental e Intermedia Crist\u00f3bal Santana Melecio<\/span><\/strong><br \/>Tel\u00e9fono: <a href=\"tel:(787) 870-3416\" target=\"_blank\" rel=\"noopener\">(787) 870-3416 <\/a>&#8211; <a href=\"https:\/\/maps.app.goo.gl\/6v2iFuHUg7gvRE568\" target=\"_blank\" rel=\"noopener\">Como Llegar<\/a><br \/><\/em><\/li>\n<li><em><strong><span style=\"color: #ff6600;\">Elemental e Intermedia Ecol\u00f3gica Jos\u00e9 de Diego<\/span><\/strong><br \/>Tel\u00e9fono: <a data-dtype=\"d3ph\" data-local-attribute=\"d3ph\" jscontroller=\"LWZElb\" href=\"http:\/\/(787) 278-0321\" jsdata=\"QKGTRc;_;5ICpaeCAOZWg5NoPv6yJQQ10\" jsaction=\"rcuQ6b:npT2md;F75qrd\" data-ved=\"2ahUKEwjggpXY6oiTAxUVEFkFHT9WIggQkAgoAHoECAoQAw\" data-wplink-url-error=\"true\" target=\"_blank\" rel=\"noopener\"><span aria-label=\"Llamar al n\u00famero de tel\u00e9fono (787) 278-0321\">(787) 278-0321 <\/span><\/a><span aria-label=\"Llamar al n\u00famero de tel\u00e9fono (787) 278-0321\">&#8211;<\/span> <a href=\"https:\/\/maps.app.goo.gl\/RcZfvxBx6ayVSh9GA\" target=\"_blank\" rel=\"noopener\">Como Llegar<\/a><br \/><\/em><\/li>\n<li><em><strong><span style=\"color: #ff6600;\">Escuela Elemental Jacinto L\u00f3pez Mart\u00ednez<\/span><\/strong> <br \/><\/em><em>Tel\u00e9fono: <a data-dtype=\"d3ph\" data-local-attribute=\"d3ph\" jscontroller=\"LWZElb\" href=\"tel:(787) 796-1255\" jsdata=\"QKGTRc;_;2Xqpae7HMPuz5NoPwtzFsAQ25\" jsaction=\"rcuQ6b:npT2md;F75qrd\" data-ved=\"2ahUKEwiumLf25IiTAxX7GVkFHUJuEUYQkAgoAHoECA4QAw\" target=\"_blank\" rel=\"noopener\"><span aria-label=\"Llamar al n\u00famero de tel\u00e9fono (787) 796-1255\">(787) 796-1255<\/span><\/a>\u00a0&#8211; <a href=\"https:\/\/maps.app.goo.gl\/P7vkQi9T2eTCKYHF9\" target=\"_blank\" rel=\"noopener\">Como Llegar<\/a><\/em><\/li>\n<li><em><em><span style=\"color: #ff6600;\"><strong>Escuela Elemental Luisa Valderrama<\/strong><\/span> <br \/><\/em><\/em><em><em>Tel\u00e9fono:<a href=\"tel:(787) 796-4410\" target=\"_blank\" rel=\"noopener\">(787) 796-4410<\/a> &#8211; <a href=\"https:\/\/maps.app.goo.gl\/8Q6FWPGs665FvT7f9\" target=\"_blank\" rel=\"noopener\">Como Llegar<\/a><\/em><\/em>\n<\/p>\n<\/li>\n<\/ul>\n\n\n<hr class=\"wp-block-separator has-alpha-channel-opacity is-style-wide\"\/>\n\n\n<h2 class=\"has-text-align-center wp-block-post-title\">Departamento de Recreaci\u00f3n y Deportes<\/h2>\n\n\n<h2 id=\"wp-block-themeisle-blocks-advanced-heading-0a971e48\" class=\"wp-block-themeisle-blocks-advanced-heading wp-block-themeisle-blocks-advanced-heading-0a971e48\"><\/h2>\n\n\n\n<hr class=\"wp-block-separator has-alpha-channel-opacity is-style-wide\"\/>\n\n\n\n<h2 id=\"wp-block-themeisle-blocks-advanced-heading-7d5777d4\" class=\"wp-block-themeisle-blocks-advanced-heading wp-block-themeisle-blocks-advanced-heading-7d5777d4\">Actividades Especiales<\/h2>","protected":false},"excerpt":{"rendered":"<p>Biblioteca Eladio \u201cLalo\u201d Rodr\u00edguez Ubicaci\u00f3n: Sector Kulian, Espinosa &#8211; COMO LLEGAR Tel\u00e9fono: 939-204-9690 Biblioteca Bel\u00e9n Rivera Ubicaci\u00f3n: Barrio Rio Lajas &#8211; COMO LLEGAR Tel\u00e9fono: 939-204-9570 Biblioteca Octavio Nieves Concepci\u00f3n Ubicaci\u00f3n: Sector Mavito, Espinosa &#8211; COMO LLEGAR Tel\u00e9fono: 939-336-9316 Escuelas participantes: Escuela Superior Jos\u00e9 Santos Alegr\u00eda\u00a0Tel\u00e9fono: (787) 796-1520 &#8211; Como Llegar [&hellip;]<\/p>\n","protected":false},"author":1,"featured_media":409,"parent":0,"menu_order":0,"comment_status":"closed","ping_status":"closed","template":"","meta":{"_themeisle_gutenberg_block_has_review":false,"footnotes":""},"class_list":["post-398","page","type-page","status-publish","has-post-thumbnail","hentry"],"_links":{"self":[{"href":"https:\/\/dorado2035.com\/en\/wp-json\/wp\/v2\/pages\/398","targetHints":{"allow":["GET"]}}],"collection":[{"href":"https:\/\/dorado2035.com\/en\/wp-json\/wp\/v2\/pages"}],"about":[{"href":"https:\/\/dorado2035.com\/en\/wp-json\/wp\/v2\/types\/page"}],"author":[{"embeddable":true,"href":"https:\/\/dorado2035.com\/en\/wp-json\/wp\/v2\/users\/1"}],"replies":[{"embeddable":true,"href":"https:\/\/dorado2035.com\/en\/wp-json\/wp\/v2\/comments?post=398"}],"version-history":[{"count":15,"href":"https:\/\/dorado2035.com\/en\/wp-json\/wp\/v2\/pages\/398\/revisions"}],"predecessor-version":[{"id":427,"href":"https:\/\/dorado2035.com\/en\/wp-json\/wp\/v2\/pages\/398\/revisions\/427"}],"wp:featuredmedia":[{"embeddable":true,"href":"https:\/\/dorado2035.com\/en\/wp-json\/wp\/v2\/media\/409"}],"wp:attachment":[{"href":"https:\/\/dorado2035.com\/en\/wp-json\/wp\/v2\/media?parent=398"}],"curies":[{"name":"wp","href":"https:\/\/api.w.org\/{rel}","templated":true}]}}